{"id":2129,"date":"2025-10-02T17:00:56","date_gmt":"2025-10-02T23:00:56","guid":{"rendered":"https:\/\/alumniberoleon.org\/?page_id=2129"},"modified":"2025-10-02T18:29:26","modified_gmt":"2025-10-03T00:29:26","slug":"carrera-alumni-2024","status":"publish","type":"page","link":"https:\/\/alumniberoleon.org\/index.php\/carrera-alumni-2024\/","title":{"rendered":"Carrera ALUMNI 2025"},"content":{"rendered":"\t\t<div data-elementor-type=\"wp-page\" data-elementor-id=\"2129\" class=\"elementor elementor-2129\">\n\t\t\t\t\t\t<section class=\"elementor-section elementor-top-section elementor-element elementor-element-8c0e96b elementor-section-boxed elementor-section-height-default elementor-section-height-default\" data-id=\"8c0e96b\" data-element_type=\"section\">\n\t\t\t\t\t\t<div class=\"elementor-container elementor-column-gap-default\">\n\t\t\t\t\t<div class=\"elementor-column elementor-col-100 elementor-top-column elementor-element elementor-element-e642fa8\" data-id=\"e642fa8\" data-element_type=\"column\">\n\t\t\t<div class=\"elementor-widget-wrap elementor-element-populated\">\n\t\t\t\t\t\t<div class=\"elementor-element elementor-element-fe25bd2 elementor-widget elementor-widget-heading\" data-id=\"fe25bd2\" data-element_type=\"widget\" data-widget_type=\"heading.default\">\n\t\t\t\t\t<h2 class=\"elementor-heading-title elementor-size-default\">Carrera ALUMNI Ibero Le\u00f3n \"De Coraz\u00f3n\" 2025<br>DOMINGO 9 NOV 2025<\/h2>\t\t\t\t<\/div>\n\t\t\t\t\t<\/div>\n\t\t<\/div>\n\t\t\t\t\t<\/div>\n\t\t<\/section>\n\t\t\t\t<section class=\"elementor-section elementor-top-section elementor-element elementor-element-3c380d4 elementor-section-boxed elementor-section-height-default elementor-section-height-default\" data-id=\"3c380d4\" data-element_type=\"section\">\n\t\t\t\t\t\t<div class=\"elementor-container elementor-column-gap-default\">\n\t\t\t\t\t<div class=\"elementor-column elementor-col-100 elementor-top-column elementor-element elementor-element-707b305\" data-id=\"707b305\" data-element_type=\"column\">\n\t\t\t<div class=\"elementor-widget-wrap elementor-element-populated\">\n\t\t\t\t\t\t<div class=\"elementor-element elementor-element-7d281c3 elementor-widget elementor-widget-image\" data-id=\"7d281c3\" data-element_type=\"widget\" data-widget_type=\"image.default\">\n\t\t\t\t\t\t\t\t\t\t\t\t\t\t\t<img fetchpriority=\"high\" decoding=\"async\" width=\"600\" height=\"200\" src=\"https:\/\/alumniberoleon.org\/wp-content\/uploads\/2025\/10\/banner2025_600X400.png\" class=\"attachment-full size-full wp-image-2130\" alt=\"\" \/>\t\t\t\t\t\t\t\t\t\t\t\t\t\t\t<\/div>\n\t\t\t\t\t<\/div>\n\t\t<\/div>\n\t\t\t\t\t<\/div>\n\t\t<\/section>\n\t\t\t\t<section class=\"elementor-section elementor-top-section elementor-element elementor-element-e35015e elementor-section-boxed elementor-section-height-default elementor-section-height-default\" data-id=\"e35015e\" data-element_type=\"section\">\n\t\t\t\t\t\t<div class=\"elementor-container elementor-column-gap-default\">\n\t\t\t\t\t<div class=\"elementor-column elementor-col-50 elementor-top-column elementor-element elementor-element-ffbe265\" data-id=\"ffbe265\" data-element_type=\"column\">\n\t\t\t<div class=\"elementor-widget-wrap elementor-element-populated\">\n\t\t\t\t\t\t<div class=\"elementor-element elementor-element-70d4d83 elementor-widget elementor-widget-image\" data-id=\"70d4d83\" data-element_type=\"widget\" data-widget_type=\"image.default\">\n\t\t\t\t\t\t\t\t\t\t\t\t\t\t\t<img decoding=\"async\" width=\"1024\" height=\"1024\" src=\"https:\/\/alumniberoleon.org\/wp-content\/uploads\/2025\/10\/mapa_2025_5km-1024x1024.png\" class=\"attachment-large size-large wp-image-2131\" alt=\"\" srcset=\"https:\/\/alumniberoleon.org\/wp-content\/uploads\/2025\/10\/mapa_2025_5km-1024x1024.png 1024w, https:\/\/alumniberoleon.org\/wp-content\/uploads\/2025\/10\/mapa_2025_5km-300x300.png 300w, https:\/\/alumniberoleon.org\/wp-content\/uploads\/2025\/10\/mapa_2025_5km-150x150.png 150w, https:\/\/alumniberoleon.org\/wp-content\/uploads\/2025\/10\/mapa_2025_5km-768x768.png 768w, https:\/\/alumniberoleon.org\/wp-content\/uploads\/2025\/10\/mapa_2025_5km-100x100.png 100w\" sizes=\"(max-width: 1024px) 100vw, 1024px\" \/>\t\t\t\t\t\t\t\t\t\t\t\t\t\t\t<\/div>\n\t\t\t\t\t<\/div>\n\t\t<\/div>\n\t\t\t\t<div class=\"elementor-column elementor-col-50 elementor-top-column elementor-element elementor-element-eaeb9c9\" data-id=\"eaeb9c9\" data-element_type=\"column\">\n\t\t\t<div class=\"elementor-widget-wrap elementor-element-populated\">\n\t\t\t\t\t\t<div class=\"elementor-element elementor-element-523ba84 elementor-widget elementor-widget-button\" data-id=\"523ba84\" data-element_type=\"widget\" data-widget_type=\"button.default\">\n\t\t\t\t\t\t\t\t\t\t<a class=\"elementor-button elementor-button-link elementor-size-xl\" href=\"https:\/\/www.eventbrite.com.mx\/e\/2025-5ta-carrera-de-corazon-alumni-ibero-leon-5k-y-10k-tickets-1766065061139?aff=oddtdtcreator\">\n\t\t\t\t\t\t<span class=\"elementor-button-content-wrapper\">\n\t\t\t\t\t\t\t\t\t<span class=\"elementor-button-text\">\u00a1iNSCR\u00cdBETE A LA CARRERA!<\/span>\n\t\t\t\t\t<\/span>\n\t\t\t\t\t<\/a>\n\t\t\t\t\t\t\t\t<\/div>\n\t\t\t\t<div class=\"elementor-element elementor-element-597e9e6 elementor-widget elementor-widget-image\" data-id=\"597e9e6\" data-element_type=\"widget\" data-widget_type=\"image.default\">\n\t\t\t\t\t\t\t\t\t\t\t\t\t\t\t<img decoding=\"async\" width=\"1024\" height=\"1024\" src=\"https:\/\/alumniberoleon.org\/wp-content\/uploads\/2025\/10\/mapa_2025_10km-1-1024x1024.png\" class=\"attachment-large size-large wp-image-2132\" alt=\"\" srcset=\"https:\/\/alumniberoleon.org\/wp-content\/uploads\/2025\/10\/mapa_2025_10km-1-1024x1024.png 1024w, https:\/\/alumniberoleon.org\/wp-content\/uploads\/2025\/10\/mapa_2025_10km-1-300x300.png 300w, https:\/\/alumniberoleon.org\/wp-content\/uploads\/2025\/10\/mapa_2025_10km-1-150x150.png 150w, https:\/\/alumniberoleon.org\/wp-content\/uploads\/2025\/10\/mapa_2025_10km-1-768x768.png 768w, https:\/\/alumniberoleon.org\/wp-content\/uploads\/2025\/10\/mapa_2025_10km-1-100x100.png 100w\" sizes=\"(max-width: 1024px) 100vw, 1024px\" \/>\t\t\t\t\t\t\t\t\t\t\t\t\t\t\t<\/div>\n\t\t\t\t\t<\/div>\n\t\t<\/div>\n\t\t\t\t\t<\/div>\n\t\t<\/section>\n\t\t\t\t<\/div>\n\t\t","protected":false},"excerpt":{"rendered":"<p>Carrera ALUMNI Ibero Le\u00f3n \u00abDe Coraz\u00f3n\u00bb 2025DOMINGO 9 NOV 2025 \u00a1iNSCR\u00cdBETE A LA CARRERA!<\/p>\n","protected":false},"author":2,"featured_media":0,"parent":0,"menu_order":0,"comment_status":"closed","ping_status":"closed","template":"","meta":{"content-type":"","_monsterinsights_skip_tracking":false,"_monsterinsights_sitenote_active":false,"_monsterinsights_sitenote_note":"","_monsterinsights_sitenote_category":0,"footnotes":""},"class_list":["post-2129","page","type-page","status-publish","hentry"],"yoast_head":"<!-- This site is optimized with the Yoast SEO plugin v25.7 - https:\/\/yoast.com\/wordpress\/plugins\/seo\/ -->\n<title>Carrera ALUMNI 2025<\/title>\n<meta name=\"description\" content=\"La carrera ALUMNI Ibero Le\u00f3n &quot;De Coraz\u00f3n&quot; ser\u00e1 el domingo 12 de noviembre. Enfocada en exalumnos y abierta a p\u00fablico general. 5K y 10K\" \/>\n<meta name=\"robots\" content=\"index, follow, max-snippet:-1, max-image-preview:large, max-video-preview:-1\" \/>\n<link rel=\"canonical\" href=\"https:\/\/alumniberoleon.org\/index.php\/carrera-alumni-2024\/\" \/>\n<meta property=\"og:locale\" content=\"es_ES\" \/>\n<meta property=\"og:type\" content=\"article\" \/>\n<meta property=\"og:title\" content=\"Carrera ALUMNI 2025\" \/>\n<meta property=\"og:description\" content=\"La carrera ALUMNI Ibero Le\u00f3n &quot;De Coraz\u00f3n&quot; ser\u00e1 el domingo 12 de noviembre. Enfocada en exalumnos y abierta a p\u00fablico general. 5K y 10K\" \/>\n<meta property=\"og:url\" content=\"https:\/\/alumniberoleon.org\/index.php\/carrera-alumni-2024\/\" \/>\n<meta property=\"og:site_name\" content=\"Alumni Ibero Le\u00f3n\" \/>\n<meta property=\"article:modified_time\" content=\"2025-10-03T00:29:26+00:00\" \/>\n<meta property=\"og:image\" content=\"https:\/\/alumniberoleon.org\/wp-content\/uploads\/2025\/10\/banner2025_600X400.png\" \/>\n\t<meta property=\"og:image:width\" content=\"600\" \/>\n\t<meta property=\"og:image:height\" content=\"200\" \/>\n\t<meta property=\"og:image:type\" content=\"image\/png\" \/>\n<meta name=\"twitter:card\" content=\"summary_large_image\" \/>\n<meta name=\"twitter:label1\" content=\"Tiempo de lectura\" \/>\n\t<meta name=\"twitter:data1\" content=\"1 minuto\" \/>\n<script type=\"application\/ld+json\" class=\"yoast-schema-graph\">{\"@context\":\"https:\/\/schema.org\",\"@graph\":[{\"@type\":\"WebPage\",\"@id\":\"https:\/\/alumniberoleon.org\/index.php\/carrera-alumni-2024\/\",\"url\":\"https:\/\/alumniberoleon.org\/index.php\/carrera-alumni-2024\/\",\"name\":\"Carrera ALUMNI 2025\",\"isPartOf\":{\"@id\":\"https:\/\/alumniberoleon.org\/#website\"},\"primaryImageOfPage\":{\"@id\":\"https:\/\/alumniberoleon.org\/index.php\/carrera-alumni-2024\/#primaryimage\"},\"image\":{\"@id\":\"https:\/\/alumniberoleon.org\/index.php\/carrera-alumni-2024\/#primaryimage\"},\"thumbnailUrl\":\"https:\/\/alumniberoleon.org\/wp-content\/uploads\/2025\/10\/banner2025_600X400.png\",\"datePublished\":\"2025-10-02T23:00:56+00:00\",\"dateModified\":\"2025-10-03T00:29:26+00:00\",\"description\":\"La carrera ALUMNI Ibero Le\u00f3n \\\"De Coraz\u00f3n\\\" ser\u00e1 el domingo 12 de noviembre. Enfocada en exalumnos y abierta a p\u00fablico general. 5K y 10K\",\"breadcrumb\":{\"@id\":\"https:\/\/alumniberoleon.org\/index.php\/carrera-alumni-2024\/#breadcrumb\"},\"inLanguage\":\"es\",\"potentialAction\":[{\"@type\":\"ReadAction\",\"target\":[\"https:\/\/alumniberoleon.org\/index.php\/carrera-alumni-2024\/\"]}]},{\"@type\":\"ImageObject\",\"inLanguage\":\"es\",\"@id\":\"https:\/\/alumniberoleon.org\/index.php\/carrera-alumni-2024\/#primaryimage\",\"url\":\"https:\/\/alumniberoleon.org\/wp-content\/uploads\/2025\/10\/banner2025_600X400.png\",\"contentUrl\":\"https:\/\/alumniberoleon.org\/wp-content\/uploads\/2025\/10\/banner2025_600X400.png\",\"width\":600,\"height\":200},{\"@type\":\"BreadcrumbList\",\"@id\":\"https:\/\/alumniberoleon.org\/index.php\/carrera-alumni-2024\/#breadcrumb\",\"itemListElement\":[{\"@type\":\"ListItem\",\"position\":1,\"name\":\"Portada\",\"item\":\"https:\/\/alumniberoleon.org\/\"},{\"@type\":\"ListItem\",\"position\":2,\"name\":\"Carrera ALUMNI 2025\"}]},{\"@type\":\"WebSite\",\"@id\":\"https:\/\/alumniberoleon.org\/#website\",\"url\":\"https:\/\/alumniberoleon.org\/\",\"name\":\"Alumni Ibero Le\u00f3n\",\"description\":\"Activando la comunidad de exalumn@s de la Universidad Iberoamericana Le\u00f3n\",\"publisher\":{\"@id\":\"https:\/\/alumniberoleon.org\/#organization\"},\"potentialAction\":[{\"@type\":\"SearchAction\",\"target\":{\"@type\":\"EntryPoint\",\"urlTemplate\":\"https:\/\/alumniberoleon.org\/?s={search_term_string}\"},\"query-input\":{\"@type\":\"PropertyValueSpecification\",\"valueRequired\":true,\"valueName\":\"search_term_string\"}}],\"inLanguage\":\"es\"},{\"@type\":\"Organization\",\"@id\":\"https:\/\/alumniberoleon.org\/#organization\",\"name\":\"Alumni Ibero Le\u00f3n\",\"url\":\"https:\/\/alumniberoleon.org\/\",\"logo\":{\"@type\":\"ImageObject\",\"inLanguage\":\"es\",\"@id\":\"https:\/\/alumniberoleon.org\/#\/schema\/logo\/image\/\",\"url\":\"https:\/\/alumniberoleon.org\/wp-content\/uploads\/2025\/08\/Captura-de-pantalla-2025-08-16-a-las-5.02.38-p.-m.png\",\"contentUrl\":\"https:\/\/alumniberoleon.org\/wp-content\/uploads\/2025\/08\/Captura-de-pantalla-2025-08-16-a-las-5.02.38-p.-m.png\",\"width\":296,\"height\":260,\"caption\":\"Alumni Ibero Le\u00f3n\"},\"image\":{\"@id\":\"https:\/\/alumniberoleon.org\/#\/schema\/logo\/image\/\"}}]}<\/script>\n<!-- \/ Yoast SEO plugin. -->","yoast_head_json":{"title":"Carrera ALUMNI 2025","description":"La carrera ALUMNI Ibero Le\u00f3n \"De Coraz\u00f3n\" ser\u00e1 el domingo 12 de noviembre. Enfocada en exalumnos y abierta a p\u00fablico general. 5K y 10K","robots":{"index":"index","follow":"follow","max-snippet":"max-snippet:-1","max-image-preview":"max-image-preview:large","max-video-preview":"max-video-preview:-1"},"canonical":"https:\/\/alumniberoleon.org\/index.php\/carrera-alumni-2024\/","og_locale":"es_ES","og_type":"article","og_title":"Carrera ALUMNI 2025","og_description":"La carrera ALUMNI Ibero Le\u00f3n \"De Coraz\u00f3n\" ser\u00e1 el domingo 12 de noviembre. Enfocada en exalumnos y abierta a p\u00fablico general. 5K y 10K","og_url":"https:\/\/alumniberoleon.org\/index.php\/carrera-alumni-2024\/","og_site_name":"Alumni Ibero Le\u00f3n","article_modified_time":"2025-10-03T00:29:26+00:00","og_image":[{"width":600,"height":200,"url":"https:\/\/alumniberoleon.org\/wp-content\/uploads\/2025\/10\/banner2025_600X400.png","type":"image\/png"}],"twitter_card":"summary_large_image","twitter_misc":{"Tiempo de lectura":"1 minuto"},"schema":{"@context":"https:\/\/schema.org","@graph":[{"@type":"WebPage","@id":"https:\/\/alumniberoleon.org\/index.php\/carrera-alumni-2024\/","url":"https:\/\/alumniberoleon.org\/index.php\/carrera-alumni-2024\/","name":"Carrera ALUMNI 2025","isPartOf":{"@id":"https:\/\/alumniberoleon.org\/#website"},"primaryImageOfPage":{"@id":"https:\/\/alumniberoleon.org\/index.php\/carrera-alumni-2024\/#primaryimage"},"image":{"@id":"https:\/\/alumniberoleon.org\/index.php\/carrera-alumni-2024\/#primaryimage"},"thumbnailUrl":"https:\/\/alumniberoleon.org\/wp-content\/uploads\/2025\/10\/banner2025_600X400.png","datePublished":"2025-10-02T23:00:56+00:00","dateModified":"2025-10-03T00:29:26+00:00","description":"La carrera ALUMNI Ibero Le\u00f3n \"De Coraz\u00f3n\" ser\u00e1 el domingo 12 de noviembre. Enfocada en exalumnos y abierta a p\u00fablico general. 5K y 10K","breadcrumb":{"@id":"https:\/\/alumniberoleon.org\/index.php\/carrera-alumni-2024\/#breadcrumb"},"inLanguage":"es","potentialAction":[{"@type":"ReadAction","target":["https:\/\/alumniberoleon.org\/index.php\/carrera-alumni-2024\/"]}]},{"@type":"ImageObject","inLanguage":"es","@id":"https:\/\/alumniberoleon.org\/index.php\/carrera-alumni-2024\/#primaryimage","url":"https:\/\/alumniberoleon.org\/wp-content\/uploads\/2025\/10\/banner2025_600X400.png","contentUrl":"https:\/\/alumniberoleon.org\/wp-content\/uploads\/2025\/10\/banner2025_600X400.png","width":600,"height":200},{"@type":"BreadcrumbList","@id":"https:\/\/alumniberoleon.org\/index.php\/carrera-alumni-2024\/#breadcrumb","itemListElement":[{"@type":"ListItem","position":1,"name":"Portada","item":"https:\/\/alumniberoleon.org\/"},{"@type":"ListItem","position":2,"name":"Carrera ALUMNI 2025"}]},{"@type":"WebSite","@id":"https:\/\/alumniberoleon.org\/#website","url":"https:\/\/alumniberoleon.org\/","name":"Alumni Ibero Le\u00f3n","description":"Activando la comunidad de exalumn@s de la Universidad Iberoamericana Le\u00f3n","publisher":{"@id":"https:\/\/alumniberoleon.org\/#organization"},"potentialAction":[{"@type":"SearchAction","target":{"@type":"EntryPoint","urlTemplate":"https:\/\/alumniberoleon.org\/?s={search_term_string}"},"query-input":{"@type":"PropertyValueSpecification","valueRequired":true,"valueName":"search_term_string"}}],"inLanguage":"es"},{"@type":"Organization","@id":"https:\/\/alumniberoleon.org\/#organization","name":"Alumni Ibero Le\u00f3n","url":"https:\/\/alumniberoleon.org\/","logo":{"@type":"ImageObject","inLanguage":"es","@id":"https:\/\/alumniberoleon.org\/#\/schema\/logo\/image\/","url":"https:\/\/alumniberoleon.org\/wp-content\/uploads\/2025\/08\/Captura-de-pantalla-2025-08-16-a-las-5.02.38-p.-m.png","contentUrl":"https:\/\/alumniberoleon.org\/wp-content\/uploads\/2025\/08\/Captura-de-pantalla-2025-08-16-a-las-5.02.38-p.-m.png","width":296,"height":260,"caption":"Alumni Ibero Le\u00f3n"},"image":{"@id":"https:\/\/alumniberoleon.org\/#\/schema\/logo\/image\/"}}]}},"_links":{"self":[{"href":"https:\/\/alumniberoleon.org\/index.php\/wp-json\/wp\/v2\/pages\/2129","targetHints":{"allow":["GET"]}}],"collection":[{"href":"https:\/\/alumniberoleon.org\/index.php\/wp-json\/wp\/v2\/pages"}],"about":[{"href":"https:\/\/alumniberoleon.org\/index.php\/wp-json\/wp\/v2\/types\/page"}],"author":[{"embeddable":true,"href":"https:\/\/alumniberoleon.org\/index.php\/wp-json\/wp\/v2\/users\/2"}],"replies":[{"embeddable":true,"href":"https:\/\/alumniberoleon.org\/index.php\/wp-json\/wp\/v2\/comments?post=2129"}],"version-history":[{"count":9,"href":"https:\/\/alumniberoleon.org\/index.php\/wp-json\/wp\/v2\/pages\/2129\/revisions"}],"predecessor-version":[{"id":2145,"href":"https:\/\/alumniberoleon.org\/index.php\/wp-json\/wp\/v2\/pages\/2129\/revisions\/2145"}],"wp:attachment":[{"href":"https:\/\/alumniberoleon.org\/index.php\/wp-json\/wp\/v2\/media?parent=2129"}],"curies":[{"name":"wp","href":"https:\/\/api.w.org\/{rel}","templated":true}]}}