{"id":1755,"date":"2023-09-17T13:32:37","date_gmt":"2023-09-17T19:32:37","guid":{"rendered":"https:\/\/alumniberoleon.org\/?page_id=1755"},"modified":"2024-09-30T21:21:39","modified_gmt":"2024-10-01T03:21:39","slug":"informe-resultados-alumni-2022-2023","status":"publish","type":"page","link":"https:\/\/alumniberoleon.org\/index.php\/informe-resultados-alumni-2022-2023\/","title":{"rendered":"Informe de resultados Alumni Ibero Le\u00f3n 2022-2023"},"content":{"rendered":"<section style=\"\"><video id=\"video-1755-3\" width=\"640\" height=\"360\" preload=\"metadata\" controls=\"controls\"><source type=\"video\/youtube\" src=\"https:\/\/youtu.be\/Jve021119cI?_=3\"><a href=\"https:\/\/youtu.be\/Jve021119cI\">https:\/\/youtu.be\/Jve021119cI<\/a><\/video><\/section>\n<p><!-- widget-container --><\/p>\n<h2>Informe de actividades Alumni Ibero Le\u00f3n 2022-2023<\/h2>\n<p>Conoce todas las actividades, eventos, iniciativas y muchas otras cosas que hicimos juntos en este periodo de gesti\u00f3n.<\/p>\n<p><b>Consejo directivo 2022-2023:<\/b><\/p>\n<p>Mtro. Mario Alberto Mondrag\u00f3n Ontiveros &#8211; Presidente<\/p>\n<p>Mtro. Juan \u00c1ngel Jaime C\u00f3rdova&nbsp; &#8211; Secretario<\/p>\n<p>Lic. Armando Mart\u00ednez Chico &#8211; Tesorero<\/p>\n<p>Mtra. Gema G. Arias Guti\u00e9rrez- Vocal<\/p>\n<p><a href=\"https:\/\/22111752.fs1.hubspotusercontent-na1.net\/hubfs\/22111752\/Descargables%20web\/Informe%20de%20resultados%20Alumni%20Ibero%20Le%C3%B3n%202022-2023_web.pdf\" role=\"button\"><br \/>\nDescargar el informe<br \/>\n<\/a><\/p>\n","protected":false},"excerpt":{"rendered":"<p>https:\/\/youtu.be\/Jve021119cI Informe de actividades Alumni Ibero Le\u00f3n 2022-2023 Conoce todas las actividades, eventos, iniciativas y muchas otras cosas que hicimos juntos en este periodo de gesti\u00f3n. Consejo directivo 2022-2023: Mtro. Mario Alberto Mondrag\u00f3n Ontiveros &#8211; Presidente Mtro. Juan \u00c1ngel Jaime C\u00f3rdova&nbsp; &#8211; Secretario Lic. Armando Mart\u00ednez Chico &#8211; Tesorero Mtra. Gema G. Arias Guti\u00e9rrez- Vocal&#8230;<\/p>\n","protected":false},"author":2,"featured_media":1812,"parent":0,"menu_order":0,"comment_status":"closed","ping_status":"closed","template":"","meta":{"content-type":"","_monsterinsights_skip_tracking":false,"_monsterinsights_sitenote_active":false,"_monsterinsights_sitenote_note":"","_monsterinsights_sitenote_category":0,"footnotes":""},"class_list":["post-1755","page","type-page","status-publish","has-post-thumbnail","hentry"],"yoast_head":"<!-- This site is optimized with the Yoast SEO plugin v25.7 - https:\/\/yoast.com\/wordpress\/plugins\/seo\/ -->\n<title>Informe de resultados Alumni Ibero Le\u00f3n 2022-2023<\/title>\n<meta name=\"description\" content=\"Compartimos contigo los resultados obtenidos en el periodo 2022-2023 para Alumni Ibero Le\u00f3n. Descarga el informe completo.\" \/>\n<meta name=\"robots\" content=\"index, follow, max-snippet:-1, max-image-preview:large, max-video-preview:-1\" \/>\n<link rel=\"canonical\" href=\"https:\/\/alumniberoleon.org\/index.php\/informe-resultados-alumni-2022-2023\/\" \/>\n<meta property=\"og:locale\" content=\"es_ES\" \/>\n<meta property=\"og:type\" content=\"article\" \/>\n<meta property=\"og:title\" content=\"Informe de resultados Alumni Ibero Le\u00f3n 2022-2023\" \/>\n<meta property=\"og:description\" content=\"Compartimos contigo los resultados obtenidos en el periodo 2022-2023 para Alumni Ibero Le\u00f3n. Descarga el informe completo.\" \/>\n<meta property=\"og:url\" content=\"https:\/\/alumniberoleon.org\/index.php\/informe-resultados-alumni-2022-2023\/\" \/>\n<meta property=\"og:site_name\" content=\"Alumni Ibero Le\u00f3n\" \/>\n<meta property=\"article:modified_time\" content=\"2024-10-01T03:21:39+00:00\" \/>\n<meta property=\"og:image\" content=\"https:\/\/alumniberoleon.org\/wp-content\/uploads\/2024\/01\/Banner-alumni-informe.png\" \/>\n\t<meta property=\"og:image:width\" content=\"1285\" \/>\n\t<meta property=\"og:image:height\" content=\"604\" \/>\n\t<meta property=\"og:image:type\" content=\"image\/png\" \/>\n<meta name=\"twitter:card\" content=\"summary_large_image\" \/>\n<meta name=\"twitter:label1\" content=\"Tiempo de lectura\" \/>\n\t<meta name=\"twitter:data1\" content=\"1 minuto\" \/>\n<script type=\"application\/ld+json\" class=\"yoast-schema-graph\">{\"@context\":\"https:\/\/schema.org\",\"@graph\":[{\"@type\":\"WebPage\",\"@id\":\"https:\/\/alumniberoleon.org\/index.php\/informe-resultados-alumni-2022-2023\/\",\"url\":\"https:\/\/alumniberoleon.org\/index.php\/informe-resultados-alumni-2022-2023\/\",\"name\":\"Informe de resultados Alumni Ibero Le\u00f3n 2022-2023\",\"isPartOf\":{\"@id\":\"https:\/\/alumniberoleon.org\/#website\"},\"primaryImageOfPage\":{\"@id\":\"https:\/\/alumniberoleon.org\/index.php\/informe-resultados-alumni-2022-2023\/#primaryimage\"},\"image\":{\"@id\":\"https:\/\/alumniberoleon.org\/index.php\/informe-resultados-alumni-2022-2023\/#primaryimage\"},\"thumbnailUrl\":\"https:\/\/alumniberoleon.org\/wp-content\/uploads\/2024\/01\/Banner-alumni-informe.png\",\"datePublished\":\"2023-09-17T19:32:37+00:00\",\"dateModified\":\"2024-10-01T03:21:39+00:00\",\"description\":\"Compartimos contigo los resultados obtenidos en el periodo 2022-2023 para Alumni Ibero Le\u00f3n. Descarga el informe completo.\",\"breadcrumb\":{\"@id\":\"https:\/\/alumniberoleon.org\/index.php\/informe-resultados-alumni-2022-2023\/#breadcrumb\"},\"inLanguage\":\"es\",\"potentialAction\":[{\"@type\":\"ReadAction\",\"target\":[\"https:\/\/alumniberoleon.org\/index.php\/informe-resultados-alumni-2022-2023\/\"]}]},{\"@type\":\"ImageObject\",\"inLanguage\":\"es\",\"@id\":\"https:\/\/alumniberoleon.org\/index.php\/informe-resultados-alumni-2022-2023\/#primaryimage\",\"url\":\"https:\/\/alumniberoleon.org\/wp-content\/uploads\/2024\/01\/Banner-alumni-informe.png\",\"contentUrl\":\"https:\/\/alumniberoleon.org\/wp-content\/uploads\/2024\/01\/Banner-alumni-informe.png\",\"width\":1285,\"height\":604},{\"@type\":\"BreadcrumbList\",\"@id\":\"https:\/\/alumniberoleon.org\/index.php\/informe-resultados-alumni-2022-2023\/#breadcrumb\",\"itemListElement\":[{\"@type\":\"ListItem\",\"position\":1,\"name\":\"Portada\",\"item\":\"https:\/\/alumniberoleon.org\/\"},{\"@type\":\"ListItem\",\"position\":2,\"name\":\"Informe de resultados Alumni Ibero Le\u00f3n 2022-2023\"}]},{\"@type\":\"WebSite\",\"@id\":\"https:\/\/alumniberoleon.org\/#website\",\"url\":\"https:\/\/alumniberoleon.org\/\",\"name\":\"Alumni Ibero Le\u00f3n\",\"description\":\"Activando la comunidad de exalumn@s de la Universidad Iberoamericana Le\u00f3n\",\"publisher\":{\"@id\":\"https:\/\/alumniberoleon.org\/#organization\"},\"potentialAction\":[{\"@type\":\"SearchAction\",\"target\":{\"@type\":\"EntryPoint\",\"urlTemplate\":\"https:\/\/alumniberoleon.org\/?s={search_term_string}\"},\"query-input\":{\"@type\":\"PropertyValueSpecification\",\"valueRequired\":true,\"valueName\":\"search_term_string\"}}],\"inLanguage\":\"es\"},{\"@type\":\"Organization\",\"@id\":\"https:\/\/alumniberoleon.org\/#organization\",\"name\":\"Alumni Ibero Le\u00f3n\",\"url\":\"https:\/\/alumniberoleon.org\/\",\"logo\":{\"@type\":\"ImageObject\",\"inLanguage\":\"es\",\"@id\":\"https:\/\/alumniberoleon.org\/#\/schema\/logo\/image\/\",\"url\":\"https:\/\/alumniberoleon.org\/wp-content\/uploads\/2025\/08\/Captura-de-pantalla-2025-08-16-a-las-5.02.38-p.-m.png\",\"contentUrl\":\"https:\/\/alumniberoleon.org\/wp-content\/uploads\/2025\/08\/Captura-de-pantalla-2025-08-16-a-las-5.02.38-p.-m.png\",\"width\":296,\"height\":260,\"caption\":\"Alumni Ibero Le\u00f3n\"},\"image\":{\"@id\":\"https:\/\/alumniberoleon.org\/#\/schema\/logo\/image\/\"}}]}<\/script>\n<!-- \/ Yoast SEO plugin. -->","yoast_head_json":{"title":"Informe de resultados Alumni Ibero Le\u00f3n 2022-2023","description":"Compartimos contigo los resultados obtenidos en el periodo 2022-2023 para Alumni Ibero Le\u00f3n. Descarga el informe completo.","robots":{"index":"index","follow":"follow","max-snippet":"max-snippet:-1","max-image-preview":"max-image-preview:large","max-video-preview":"max-video-preview:-1"},"canonical":"https:\/\/alumniberoleon.org\/index.php\/informe-resultados-alumni-2022-2023\/","og_locale":"es_ES","og_type":"article","og_title":"Informe de resultados Alumni Ibero Le\u00f3n 2022-2023","og_description":"Compartimos contigo los resultados obtenidos en el periodo 2022-2023 para Alumni Ibero Le\u00f3n. Descarga el informe completo.","og_url":"https:\/\/alumniberoleon.org\/index.php\/informe-resultados-alumni-2022-2023\/","og_site_name":"Alumni Ibero Le\u00f3n","article_modified_time":"2024-10-01T03:21:39+00:00","og_image":[{"width":1285,"height":604,"url":"https:\/\/alumniberoleon.org\/wp-content\/uploads\/2024\/01\/Banner-alumni-informe.png","type":"image\/png"}],"twitter_card":"summary_large_image","twitter_misc":{"Tiempo de lectura":"1 minuto"},"schema":{"@context":"https:\/\/schema.org","@graph":[{"@type":"WebPage","@id":"https:\/\/alumniberoleon.org\/index.php\/informe-resultados-alumni-2022-2023\/","url":"https:\/\/alumniberoleon.org\/index.php\/informe-resultados-alumni-2022-2023\/","name":"Informe de resultados Alumni Ibero Le\u00f3n 2022-2023","isPartOf":{"@id":"https:\/\/alumniberoleon.org\/#website"},"primaryImageOfPage":{"@id":"https:\/\/alumniberoleon.org\/index.php\/informe-resultados-alumni-2022-2023\/#primaryimage"},"image":{"@id":"https:\/\/alumniberoleon.org\/index.php\/informe-resultados-alumni-2022-2023\/#primaryimage"},"thumbnailUrl":"https:\/\/alumniberoleon.org\/wp-content\/uploads\/2024\/01\/Banner-alumni-informe.png","datePublished":"2023-09-17T19:32:37+00:00","dateModified":"2024-10-01T03:21:39+00:00","description":"Compartimos contigo los resultados obtenidos en el periodo 2022-2023 para Alumni Ibero Le\u00f3n. Descarga el informe completo.","breadcrumb":{"@id":"https:\/\/alumniberoleon.org\/index.php\/informe-resultados-alumni-2022-2023\/#breadcrumb"},"inLanguage":"es","potentialAction":[{"@type":"ReadAction","target":["https:\/\/alumniberoleon.org\/index.php\/informe-resultados-alumni-2022-2023\/"]}]},{"@type":"ImageObject","inLanguage":"es","@id":"https:\/\/alumniberoleon.org\/index.php\/informe-resultados-alumni-2022-2023\/#primaryimage","url":"https:\/\/alumniberoleon.org\/wp-content\/uploads\/2024\/01\/Banner-alumni-informe.png","contentUrl":"https:\/\/alumniberoleon.org\/wp-content\/uploads\/2024\/01\/Banner-alumni-informe.png","width":1285,"height":604},{"@type":"BreadcrumbList","@id":"https:\/\/alumniberoleon.org\/index.php\/informe-resultados-alumni-2022-2023\/#breadcrumb","itemListElement":[{"@type":"ListItem","position":1,"name":"Portada","item":"https:\/\/alumniberoleon.org\/"},{"@type":"ListItem","position":2,"name":"Informe de resultados Alumni Ibero Le\u00f3n 2022-2023"}]},{"@type":"WebSite","@id":"https:\/\/alumniberoleon.org\/#website","url":"https:\/\/alumniberoleon.org\/","name":"Alumni Ibero Le\u00f3n","description":"Activando la comunidad de exalumn@s de la Universidad Iberoamericana Le\u00f3n","publisher":{"@id":"https:\/\/alumniberoleon.org\/#organization"},"potentialAction":[{"@type":"SearchAction","target":{"@type":"EntryPoint","urlTemplate":"https:\/\/alumniberoleon.org\/?s={search_term_string}"},"query-input":{"@type":"PropertyValueSpecification","valueRequired":true,"valueName":"search_term_string"}}],"inLanguage":"es"},{"@type":"Organization","@id":"https:\/\/alumniberoleon.org\/#organization","name":"Alumni Ibero Le\u00f3n","url":"https:\/\/alumniberoleon.org\/","logo":{"@type":"ImageObject","inLanguage":"es","@id":"https:\/\/alumniberoleon.org\/#\/schema\/logo\/image\/","url":"https:\/\/alumniberoleon.org\/wp-content\/uploads\/2025\/08\/Captura-de-pantalla-2025-08-16-a-las-5.02.38-p.-m.png","contentUrl":"https:\/\/alumniberoleon.org\/wp-content\/uploads\/2025\/08\/Captura-de-pantalla-2025-08-16-a-las-5.02.38-p.-m.png","width":296,"height":260,"caption":"Alumni Ibero Le\u00f3n"},"image":{"@id":"https:\/\/alumniberoleon.org\/#\/schema\/logo\/image\/"}}]}},"_links":{"self":[{"href":"https:\/\/alumniberoleon.org\/index.php\/wp-json\/wp\/v2\/pages\/1755","targetHints":{"allow":["GET"]}}],"collection":[{"href":"https:\/\/alumniberoleon.org\/index.php\/wp-json\/wp\/v2\/pages"}],"about":[{"href":"https:\/\/alumniberoleon.org\/index.php\/wp-json\/wp\/v2\/types\/page"}],"author":[{"embeddable":true,"href":"https:\/\/alumniberoleon.org\/index.php\/wp-json\/wp\/v2\/users\/2"}],"replies":[{"embeddable":true,"href":"https:\/\/alumniberoleon.org\/index.php\/wp-json\/wp\/v2\/comments?post=1755"}],"version-history":[{"count":27,"href":"https:\/\/alumniberoleon.org\/index.php\/wp-json\/wp\/v2\/pages\/1755\/revisions"}],"predecessor-version":[{"id":1886,"href":"https:\/\/alumniberoleon.org\/index.php\/wp-json\/wp\/v2\/pages\/1755\/revisions\/1886"}],"wp:featuredmedia":[{"embeddable":true,"href":"https:\/\/alumniberoleon.org\/index.php\/wp-json\/wp\/v2\/media\/1812"}],"wp:attachment":[{"href":"https:\/\/alumniberoleon.org\/index.php\/wp-json\/wp\/v2\/media?parent=1755"}],"curies":[{"name":"wp","href":"https:\/\/api.w.org\/{rel}","templated":true}]}}